{"id":1761,"date":"2023-04-07T21:34:05","date_gmt":"2023-04-07T21:34:05","guid":{"rendered":"https:\/\/aetel.etsist.upm.es\/?page_id=1761"},"modified":"2023-08-01T16:06:25","modified_gmt":"2023-08-01T16:06:25","slug":"eventos","status":"publish","type":"page","link":"https:\/\/aetel.etsist.upm.es\/?page_id=1761","title":{"rendered":"EVENTOS"},"content":{"rendered":"\n<h2 class=\"wp-block-heading\">EVENTOS RECIENTES<\/h2>\n\n\n\n<h3 class=\"wp-block-heading\">SPHERA 2023<\/h3>\n\n\n\n<p>Pod\u00e9is encontrar toda la informaci\u00f3n sobre los eventos y los links de inscripci\u00f3n de nuestros cursos en la web de Sphera.<\/p>\n\n\n\n<figure class=\"wp-block-image aligncenter size-large is-resized\"><img loading=\"lazy\" decoding=\"async\" src=\"https:\/\/aetel.etsist.upm.es\/wp-content\/uploads\/2023\/05\/curso-de-soldadura-Reloj-de-Arena-1024x1024.png\" alt=\"\" class=\"wp-image-1831\" width=\"252\" height=\"252\" srcset=\"https:\/\/aetel.etsist.upm.es\/wp-content\/uploads\/2023\/05\/curso-de-soldadura-Reloj-de-Arena-1024x1024.png 1024w, https:\/\/aetel.etsist.upm.es\/wp-content\/uploads\/2023\/05\/curso-de-soldadura-Reloj-de-Arena-300x300.png 300w, https:\/\/aetel.etsist.upm.es\/wp-content\/uploads\/2023\/05\/curso-de-soldadura-Reloj-de-Arena-150x150.png 150w, https:\/\/aetel.etsist.upm.es\/wp-content\/uploads\/2023\/05\/curso-de-soldadura-Reloj-de-Arena-768x768.png 768w, https:\/\/aetel.etsist.upm.es\/wp-content\/uploads\/2023\/05\/curso-de-soldadura-Reloj-de-Arena-100x100.png 100w, https:\/\/aetel.etsist.upm.es\/wp-content\/uploads\/2023\/05\/curso-de-soldadura-Reloj-de-Arena.png 1080w\" sizes=\"auto, (max-width: 252px) 100vw, 252px\" \/><\/figure>\n\n\n\n<p><\/p>\n\n\n\n<div class=\"wp-block-buttons is-layout-flex wp-block-buttons-is-layout-flex\">\n<div class=\"wp-block-button aligncenter\"><a class=\"wp-block-button__link wp-element-button\" href=\"https:\/\/aetel.etsist.upm.es\/?p=1759\">Web de Sphera<\/a><\/div>\n<\/div>\n\n\n\n<h2 class=\"wp-block-heading\">PROXIMOS EVENTOS<\/h2>\n\n\n\n<p>Para importar nuestros eventos y estar al tanto de nuestros eventos en tu m\u00f3vil, pc o tablet descargate nuestro calendario (en formato .ics)<\/p>\n\n\n\n<div class=\"wp-block-buttons is-layout-flex wp-block-buttons-is-layout-flex\">\n<div class=\"wp-block-button aligncenter\"><a class=\"wp-block-button__link wp-element-button\">DESCARGAR CALENDARIO<\/a><\/div>\n<\/div>\n\n\n\n<p><\/p>\n\n\n\n<iframe loading=\"lazy\" src=\"https:\/\/calendar.google.com\/calendar\/embed?src=aetel.etsist%40gmail.com&amp;ctz=Europe%2FMadrid\" style=\"border: 0\" width=\"800\" height=\"600\" frameborder=\"0\" scrolling=\"no\"><\/iframe>\n","protected":false},"excerpt":{"rendered":"<p>EVENTOS RECIENTES SPHERA 2023 Pod\u00e9is encontrar toda la informaci\u00f3n sobre los eventos y los links de inscripci\u00f3n de nuestros cursos en la web de Sphera. PROXIMOS EVENTOS Para importar nuestros eventos y estar al tanto de nuestros eventos en tu m\u00f3vil, pc o tablet descargate nuestro calendario (en formato .ics)<\/p>\n","protected":false},"author":2,"featured_media":0,"parent":0,"menu_order":0,"comment_status":"closed","ping_status":"closed","template":"","meta":{"footnotes":""},"class_list":["post-1761","page","type-page","status-publish","hentry"],"_links":{"self":[{"href":"https:\/\/aetel.etsist.upm.es\/index.php?rest_route=\/wp\/v2\/pages\/1761","targetHints":{"allow":["GET"]}}],"collection":[{"href":"https:\/\/aetel.etsist.upm.es\/index.php?rest_route=\/wp\/v2\/pages"}],"about":[{"href":"https:\/\/aetel.etsist.upm.es\/index.php?rest_route=\/wp\/v2\/types\/page"}],"author":[{"embeddable":true,"href":"https:\/\/aetel.etsist.upm.es\/index.php?rest_route=\/wp\/v2\/users\/2"}],"replies":[{"embeddable":true,"href":"https:\/\/aetel.etsist.upm.es\/index.php?rest_route=%2Fwp%2Fv2%2Fcomments&post=1761"}],"version-history":[{"count":16,"href":"https:\/\/aetel.etsist.upm.es\/index.php?rest_route=\/wp\/v2\/pages\/1761\/revisions"}],"predecessor-version":[{"id":1850,"href":"https:\/\/aetel.etsist.upm.es\/index.php?rest_route=\/wp\/v2\/pages\/1761\/revisions\/1850"}],"wp:attachment":[{"href":"https:\/\/aetel.etsist.upm.es\/index.php?rest_route=%2Fwp%2Fv2%2Fmedia&parent=1761"}],"curies":[{"name":"wp","href":"https:\/\/api.w.org\/{rel}","templated":true}]}}